{"id":25,"date":"2023-03-25T15:44:35","date_gmt":"2023-03-25T14:44:35","guid":{"rendered":"https:\/\/haus-seemann.de\/haus\/?page_id=25"},"modified":"2026-03-17T11:20:23","modified_gmt":"2026-03-17T10:20:23","slug":"preise","status":"publish","type":"page","link":"https:\/\/haus-seemann.de\/haus\/preise\/","title":{"rendered":"Preisliste"},"content":{"rendered":"<div class='w3eden'><!-- WPDM Link Template: Default Template -->\n\n<div class=\"link-template-default card mb-2\">\n    <div class=\"card-body\">\n        <div class=\"media\">\n            <div class=\"mr-3 img-48\"><img decoding=\"async\" class=\"wpdm_icon\" alt=\"Icon\" src=\"https:\/\/haus-seemann.de\/haus\/wp-content\/plugins\/download-manager\/assets\/file-type-icons\/pdf.svg\" \/><\/div>\n            <div class=\"media-body\">\n                <h3 class=\"package-title\"><a href='https:\/\/haus-seemann.de\/haus\/download\/preisliste-2024\/'>Preisliste 2026<\/a><\/h3>\n                <div class=\"text-muted text-small\"><i class=\"fas fa-copy\"><\/i> 1 Datei(en) <i class=\"fas fa-hdd ml-3\"><\/i> 93 KB<\/div>\n            <\/div>\n            <div class=\"ml-3\">\n                <a class='wpdm-download-link download-on-click btn btn-primary ' rel='nofollow' href='#' data-downloadurl=\"https:\/\/haus-seemann.de\/haus\/download\/preisliste-2024\/?wpdmdl=114&refresh=69e214de565a41776424158\">Download<\/a>\n            <\/div>\n        <\/div>\n    <\/div>\n<\/div>\n\n<\/div>\n\n\n\n\n\n<hr class=\"wp-block-separator has-css-opacity\"\/>\n\n\n\n<h1 class=\"wp-block-heading has-text-align-left\">Zimmer<\/h1>\n\n\n\n<figure class=\"wp-block-table is-style-stripes\"><table><tbody><tr><td>&nbsp;<\/td><td>Einzelzimmer<\/td><td>\u20ac 52,-<\/td><\/tr><tr><td>&nbsp;<\/td><td>Doppelzimmer<\/td><td>\u20ac 52,- (pro Person, teils Seeblick)<\/td><\/tr><tr><td>&nbsp;<\/td><td>Appartement&nbsp;<\/td><td>\u20ac 74,- (2 Personen, teils Seeblick)<\/td><\/tr><tr><td>&nbsp;<\/td><td>Appartement&nbsp; Nr.22&nbsp;<\/td><td>\u20ac 76,- (2 Pers., 2.Stock, Seeblick)<\/td><\/tr><tr><td>&nbsp;<\/td><td>Appartement &#8222;Stockente&#8220;&nbsp;<\/td><td>\u20ac 76,- (2 Pers., 2.Stock, Seeblick)<\/td><\/tr><tr><td>&nbsp;<\/td><td>Ferienwohnung 1<\/td><td>\u20ac 93,- (3 Pers., 1.Stock, Seeblick)<\/td><\/tr><tr><td>&nbsp;<\/td><td>Ferienwohnung 2<\/td><td>\u20ac 93,- (3 Pers., 1.Stock, Seeblick)<\/td><\/tr><tr><td>&nbsp;<\/td><td>Ferienwohnung 3<\/td><td>\u20ac 85,- (3 Personen)<\/td><\/tr><tr><td>&nbsp;<\/td><td>Ferienwohnung 4<\/td><td>\u20ac 87,- (3 Pers., mit Terrasse)<\/td><\/tr><tr><td>&nbsp;<\/td><td>Ferienwohnung &#8222;Reiher&#8220;<\/td><td>\u20ac 87,- (2 Pers., 2.Stock, Seeblick)<\/td><\/tr><\/tbody><\/table><figcaption class=\"wp-element-caption\"><br>Alle Zimmer sind mit Dusche\/WC, Telefon und TV.<br>Strom, Wasser, Endreinigung, Bett-, Tischw\u00e4sche und Handt\u00fccher sind inklusive.<br>Kostenloser, W-LAN Zugang via Netz-Schl\u00fcssel f\u00fcr Hausg\u00e4ste<\/figcaption><\/figure>\n\n\n\n<h2 class=\"wp-block-heading\">Zus\u00e4tzliches<\/h2>\n\n\n\n<figure class=\"wp-block-table is-style-stripes\"><table><tbody><tr><td>&nbsp;<\/td><td>Zusatzbett<\/td><td>\u20ac 18,- (pro Tag)<\/td><\/tr><tr><td>&nbsp;<\/td><td>Fr\u00fchst\u00fcck extra<\/td><td>\u20ac 15,- (pro Person)<\/td><\/tr><tr><td>&nbsp;<\/td><td>Tiefgaragenstellplatz<\/td><td>\u20ac 8,- (pro Tag)<\/td><\/tr><tr><td>&nbsp;<\/td><td>Haustiere insb. Hund nach Absprache<\/td><td>\u20ac 8,- (pro Tag)<\/td><\/tr><tr><td>&nbsp;<\/td><td>Zuschlag f\u00fcr \u00dcbernachtungen unter 3 Tagen<\/td><td>\u20ac 5,- (pro Person und Tag)<\/td><\/tr><tr><td>&nbsp;<\/td><td><strong>Zuz\u00fcglich Kurbeitrag<\/strong><\/td><td>\u20ac 3,30 (pro Person und Tag ab 2026) <br>Details siehe:&nbsp;<a href=\"https:\/\/www.wasserburg-bodensee.de\/kurbeitrag\/\" data-type=\"URL\" data-id=\"https:\/\/www.wasserburg-bodensee.de\/kurbeitrag\/\" target=\"_blank\" rel=\"noreferrer noopener\">wasserburg-bodensee.de\/kurbeitrag<\/a><\/td><\/tr><\/tbody><\/table><figcaption class=\"wp-element-caption\"><strong>Das Fr\u00fchst\u00fcck:<\/strong>&nbsp;Kaffee, Tee oder Schokolade, Saft- Am Selbstbedienungs-Buffet: Butter, Marmeladen, Honig, Semmel, Brot, Vollkornbrot, Wurst, K\u00e4se, Ei, Joghurt, Milch, Quark, frisches Obst, verschiedene M\u00fcsli und Gem\u00fcse.<br><br><strong>Getr\u00e4nke-Selbstbedienung<\/strong>:&nbsp;im Fr\u00fchst\u00fccksraum werden Getr\u00e4nke mit Selbstbedienung angeboten.<\/figcaption><\/figure>\n","protected":false},"excerpt":{"rendered":"<p>Zimmer &nbsp; Einzelzimmer \u20ac 52,- &nbsp; Doppelzimmer \u20ac 52,- (pro Person, teils Seeblick) &nbsp; Appartement&nbsp; \u20ac 74,- (2 Personen, teils Seeblick) &nbsp; Appartement&nbsp; Nr.22&nbsp; \u20ac 76,- (2 Pers., 2.Stock, Seeblick) &nbsp; Appartement &#8222;Stockente&#8220;&nbsp; \u20ac 76,- (2 Pers., 2.Stock, Seeblick) &nbsp; Ferienwohnung 1 \u20ac 93,- (3 Pers., 1.Stock, Seeblick) &nbsp; Ferienwohnung 2 \u20ac 93,- (3 Pers., [&hellip;]<\/p>\n","protected":false},"author":2,"featured_media":0,"parent":0,"menu_order":0,"comment_status":"closed","ping_status":"closed","template":"","meta":{"footnotes":""},"class_list":["post-25","page","type-page","status-publish","hentry"],"_links":{"self":[{"href":"https:\/\/haus-seemann.de\/haus\/wp-json\/wp\/v2\/pages\/25","targetHints":{"allow":["GET"]}}],"collection":[{"href":"https:\/\/haus-seemann.de\/haus\/wp-json\/wp\/v2\/pages"}],"about":[{"href":"https:\/\/haus-seemann.de\/haus\/wp-json\/wp\/v2\/types\/page"}],"author":[{"embeddable":true,"href":"https:\/\/haus-seemann.de\/haus\/wp-json\/wp\/v2\/users\/2"}],"replies":[{"embeddable":true,"href":"https:\/\/haus-seemann.de\/haus\/wp-json\/wp\/v2\/comments?post=25"}],"version-history":[{"count":10,"href":"https:\/\/haus-seemann.de\/haus\/wp-json\/wp\/v2\/pages\/25\/revisions"}],"predecessor-version":[{"id":159,"href":"https:\/\/haus-seemann.de\/haus\/wp-json\/wp\/v2\/pages\/25\/revisions\/159"}],"wp:attachment":[{"href":"https:\/\/haus-seemann.de\/haus\/wp-json\/wp\/v2\/media?parent=25"}],"curies":[{"name":"wp","href":"https:\/\/api.w.org\/{rel}","templated":true}]}}