{"id":14,"date":"2023-03-25T12:51:56","date_gmt":"2023-03-25T11:51:56","guid":{"rendered":"http:\/\/haus-seemann.de\/haus\/?page_id=14"},"modified":"2024-10-20T18:37:00","modified_gmt":"2024-10-20T16:37:00","slug":"willkommen","status":"publish","type":"page","link":"https:\/\/haus-seemann.de\/haus\/","title":{"rendered":"Herzlich Willkommen"},"content":{"rendered":"\r\n<div class=\"wp-block-columns is-layout-flex wp-container-core-columns-is-layout-9d6595d7 wp-block-columns-is-layout-flex\">\r\n<div class=\"wp-block-column is-layout-flow wp-block-column-is-layout-flow\" style=\"flex-basis: 33.33%;\">\r\n<figure class=\"wp-block-image size-medium is-style-rounded\"><img loading=\"lazy\" decoding=\"async\" width=\"300\" height=\"300\" class=\"wp-image-16\" src=\"https:\/\/haus-seemann.de\/haus\/wp-content\/uploads\/2023\/03\/cover_wasserburg-300x300.jpg\" alt=\"\" srcset=\"https:\/\/haus-seemann.de\/haus\/wp-content\/uploads\/2023\/03\/cover_wasserburg-300x300.jpg 300w, https:\/\/haus-seemann.de\/haus\/wp-content\/uploads\/2023\/03\/cover_wasserburg-150x150.jpg 150w, https:\/\/haus-seemann.de\/haus\/wp-content\/uploads\/2023\/03\/cover_wasserburg.jpg 500w\" sizes=\"auto, (max-width: 300px) 100vw, 300px\" \/><\/figure>\r\n<\/div>\r\n\r\n\r\n\r\n<div class=\"wp-block-column is-layout-flow wp-block-column-is-layout-flow\" style=\"flex-basis: 66.66%;\">\r\n<p>&nbsp;<\/p>\r\n\r\n\r\n\r\n<h2 class=\"wp-block-heading\">Zentrale Lage<\/h2>\r\n\r\n\r\n\r\n<h4 class=\"wp-block-heading\">nahe der Wasserburger Halbinsel<\/h4>\r\n\r\n\r\n\r\n<p>Unser Haus liegt nur f\u00fcnf Minuten Fu\u00dfweg von der Wasserburger Halbinsel und der Seekirche St. Georg. Auch das\u00a0<a href=\"http:\/\/www.wasserburg-bodensee.de\/wassererlebnisse\/freibad-aquamarin\/\" target=\"_blank\" rel=\"noreferrer noopener\">Freibad Aquamarine<\/a>\u00a0an der Sumserhalle ist in nur zehn Minuten zu Fu\u00df erreichbar. Etwa ebenso lange brauchen Sie auch zur Ortsmitte (hier befindet sich die\u00a0<a href=\"http:\/\/www.wasserburg-bodensee.de\/\">Tourist-Information<\/a>) und dem n\u00e4chsten Supermarkt am Bahnhof<\/p>\r\n<\/div>\r\n<\/div>\r\n\r\n\r\n<hr class=\"wp-block-separator has-css-opacity\" \/>\r\n\r\n\r\n<div class=\"wp-block-columns is-layout-flex wp-container-core-columns-is-layout-9d6595d7 wp-block-columns-is-layout-flex\">\r\n<div class=\"wp-block-column is-layout-flow wp-block-column-is-layout-flow\" style=\"flex-basis: 66.66%;\">\r\n<p>&nbsp;<\/p>\r\n\r\n\r\n\r\n<h2 class=\"wp-block-heading\">Seezugang<\/h2>\r\n\r\n\r\n\r\n<h4 class=\"wp-block-heading\">&amp; Liegewiese<\/h4>\r\n\r\n\r\n\r\n<p>Zum Haus geh\u00f6rt eine eigene Liegewiese mit Seezugang zum Baden mit direktem Ausblick auf die Halbinsel. Gerne und selbstverst\u00e4ndlich kostenlos k\u00f6nnen Sie bei uns Sonnenschirme und Liegest\u00fchle leihen.<\/p>\r\n\r\n\r\n\r\n<p>Da es sich nicht um einen Sandstrand handelt, empfehlen wir Ihnen Badeschuhe mitzubringen.<\/p>\r\n<\/div>\r\n\r\n\r\n\r\n<div class=\"wp-block-column is-layout-flow wp-block-column-is-layout-flow\" style=\"flex-basis: 33.33%;\">\r\n<figure class=\"wp-block-image size-medium is-style-rounded\"><img loading=\"lazy\" decoding=\"async\" width=\"300\" height=\"300\" class=\"wp-image-18\" src=\"https:\/\/haus-seemann.de\/haus\/wp-content\/uploads\/2023\/03\/cover_badestrand-300x300.jpg\" alt=\"\" srcset=\"https:\/\/haus-seemann.de\/haus\/wp-content\/uploads\/2023\/03\/cover_badestrand-300x300.jpg 300w, https:\/\/haus-seemann.de\/haus\/wp-content\/uploads\/2023\/03\/cover_badestrand-1024x1024.jpg 1024w, https:\/\/haus-seemann.de\/haus\/wp-content\/uploads\/2023\/03\/cover_badestrand-150x150.jpg 150w, https:\/\/haus-seemann.de\/haus\/wp-content\/uploads\/2023\/03\/cover_badestrand-768x768.jpg 768w, https:\/\/haus-seemann.de\/haus\/wp-content\/uploads\/2023\/03\/cover_badestrand-1536x1536.jpg 1536w, https:\/\/haus-seemann.de\/haus\/wp-content\/uploads\/2023\/03\/cover_badestrand.jpg 1769w\" sizes=\"auto, (max-width: 300px) 100vw, 300px\" \/><\/figure>\r\n<\/div>\r\n<\/div>\r\n\r\n\r\n<hr class=\"wp-block-separator has-css-opacity\" \/>\r\n\r\n\r\n<div class=\"wp-block-columns is-layout-flex wp-container-core-columns-is-layout-9d6595d7 wp-block-columns-is-layout-flex\">\r\n<div class=\"wp-block-column is-layout-flow wp-block-column-is-layout-flow\" style=\"flex-basis: 33.33%;\">\r\n<figure class=\"wp-block-image size-medium is-style-rounded\"><img loading=\"lazy\" decoding=\"async\" width=\"300\" height=\"300\" class=\"wp-image-17\" src=\"https:\/\/haus-seemann.de\/haus\/wp-content\/uploads\/2023\/03\/cover_fruehstueck-300x300.jpg\" alt=\"\" srcset=\"https:\/\/haus-seemann.de\/haus\/wp-content\/uploads\/2023\/03\/cover_fruehstueck-300x300.jpg 300w, https:\/\/haus-seemann.de\/haus\/wp-content\/uploads\/2023\/03\/cover_fruehstueck-1024x1024.jpg 1024w, https:\/\/haus-seemann.de\/haus\/wp-content\/uploads\/2023\/03\/cover_fruehstueck-150x150.jpg 150w, https:\/\/haus-seemann.de\/haus\/wp-content\/uploads\/2023\/03\/cover_fruehstueck-768x768.jpg 768w, https:\/\/haus-seemann.de\/haus\/wp-content\/uploads\/2023\/03\/cover_fruehstueck-1536x1536.jpg 1536w, https:\/\/haus-seemann.de\/haus\/wp-content\/uploads\/2023\/03\/cover_fruehstueck.jpg 1601w\" sizes=\"auto, (max-width: 300px) 100vw, 300px\" \/><\/figure>\r\n<\/div>\r\n\r\n\r\n\r\n<div class=\"wp-block-column is-layout-flow wp-block-column-is-layout-flow\" style=\"flex-basis: 66.66%;\">\r\n<p>&nbsp;<\/p>\r\n\r\n\r\n\r\n<h2 class=\"wp-block-heading\">Regionale Ware<\/h2>\r\n\r\n\r\n\r\n<h4 class=\"wp-block-heading\">Fr\u00fchst\u00fccksbuffet &amp; Obststand<\/h4>\r\n\r\n\r\n\r\n<p>Am hauseigenen Obststand k\u00f6nnen Sie unter Tags frisches Obst vom\u00a0<a href=\"obst-beeren.de\" target=\"_blank\" rel=\"noreferrer noopener\">Obsthof Rue\u00df in Rammetshofen<\/a>\u00a0erwerben. Auch unsere Fr\u00fchst\u00fcckseier kommen bevorzugt vom dort.<\/p>\r\n\r\n\r\n\r\n<p>Grunds\u00e4tzlich bem\u00fchen wir uns beim Fr\u00fchst\u00fccksbuffet eine Vielfalt an Regionalen Produkten anzubieten, zum Beispiel auch aus dem K\u00e4sesortiment der\u00a0<a href=\"http:\/\/www.kaeserei-boeserscheidegg.de\/\">Dorfsennerei in B\u00f6serscheidegg<\/a>.<\/p>\r\n<\/div>\r\n<\/div>\r\n\r\n\r\n<hr class=\"wp-block-separator has-css-opacity\" \/>\r\n\r\n\r\n<div class=\"wp-block-columns is-layout-flex wp-container-core-columns-is-layout-9d6595d7 wp-block-columns-is-layout-flex\">\r\n<div class=\"wp-block-column is-layout-flow wp-block-column-is-layout-flow\" style=\"flex-basis: 66.66%;\">\r\n<p>&nbsp;<\/p>\r\n\r\n\r\n\r\n<h2 class=\"wp-block-heading\">Fahrr\u00e4der<\/h2>\r\n\r\n\r\n\r\n<h4 class=\"wp-block-heading\">&amp; eBikes<\/h4>\r\n\r\n\r\n\r\n<p>W\u00e4hrend der Sommersaison vermieten wir Ihnen gerne auch eBikes f\u00fcr Ihren Ausflug. Falls Interesse besteht wenden Sie sich bitte fr\u00fchzeitig an uns, da nur begrenzt Kapazit\u00e4ten vorhanden sind. Der n\u00e4chste Fahrradh\u00e4ndler (f\u00fcr Leihe und Reperatur) befindet sich nur eine Stra\u00dfenecke entfernt, falls unsere Leihr\u00e4der bereits ersch\u00f6pft sind oder Sie technische Hilfe mit Ihren mitgebrachten R\u00e4dern ben\u00f6tigen.<\/p>\r\n\r\n\r\n\r\n<p>Am Haus befinden sich Fahrradst\u00e4nder und Unterstellm\u00f6glichkeiten.<\/p>\r\n<\/div>\r\n\r\n\r\n\r\n<div class=\"wp-block-column is-layout-flow wp-block-column-is-layout-flow\" style=\"flex-basis: 33.33%;\">\r\n<figure class=\"wp-block-image size-medium is-style-rounded\"><img loading=\"lazy\" decoding=\"async\" width=\"300\" height=\"300\" class=\"wp-image-20\" src=\"https:\/\/haus-seemann.de\/haus\/wp-content\/uploads\/2023\/03\/cover_ebikes-300x300.jpg\" alt=\"\" srcset=\"https:\/\/haus-seemann.de\/haus\/wp-content\/uploads\/2023\/03\/cover_ebikes-300x300.jpg 300w, https:\/\/haus-seemann.de\/haus\/wp-content\/uploads\/2023\/03\/cover_ebikes-1024x1024.jpg 1024w, https:\/\/haus-seemann.de\/haus\/wp-content\/uploads\/2023\/03\/cover_ebikes-150x150.jpg 150w, https:\/\/haus-seemann.de\/haus\/wp-content\/uploads\/2023\/03\/cover_ebikes-768x768.jpg 768w, https:\/\/haus-seemann.de\/haus\/wp-content\/uploads\/2023\/03\/cover_ebikes-1536x1536.jpg 1536w, https:\/\/haus-seemann.de\/haus\/wp-content\/uploads\/2023\/03\/cover_ebikes-2048x2048.jpg 2048w\" sizes=\"auto, (max-width: 300px) 100vw, 300px\" \/><\/figure>\r\n<\/div>\r\n<\/div>\r\n\r\n\r\n<hr class=\"wp-block-separator has-css-opacity\" \/>\r\n\r\n\r\n<div class=\"wp-block-columns is-layout-flex wp-container-core-columns-is-layout-9d6595d7 wp-block-columns-is-layout-flex\">\r\n<div class=\"wp-block-column is-layout-flow wp-block-column-is-layout-flow\" style=\"flex-basis: 33.33%;\">\r\n<figure class=\"wp-block-image size-medium is-style-rounded\"><img loading=\"lazy\" decoding=\"async\" width=\"300\" height=\"300\" class=\"wp-image-19\" src=\"https:\/\/haus-seemann.de\/haus\/wp-content\/uploads\/2023\/03\/cover_dampfyacht-300x300.jpg\" alt=\"\" srcset=\"https:\/\/haus-seemann.de\/haus\/wp-content\/uploads\/2023\/03\/cover_dampfyacht-300x300.jpg 300w, https:\/\/haus-seemann.de\/haus\/wp-content\/uploads\/2023\/03\/cover_dampfyacht-150x150.jpg 150w, https:\/\/haus-seemann.de\/haus\/wp-content\/uploads\/2023\/03\/cover_dampfyacht-768x768.jpg 768w, https:\/\/haus-seemann.de\/haus\/wp-content\/uploads\/2023\/03\/cover_dampfyacht.jpg 789w\" sizes=\"auto, (max-width: 300px) 100vw, 300px\" \/><\/figure>\r\n<\/div>\r\n\r\n\r\n\r\n<div class=\"wp-block-column is-layout-flow wp-block-column-is-layout-flow\" style=\"flex-basis: 66.66%;\">\r\n<p>&nbsp;<\/p>\r\n\r\n\r\n\r\n<h2 class=\"wp-block-heading\">Dampfjacht &#8218;Felicitas&#8216;<\/h2>\r\n\r\n\r\n\r\n<h4 class=\"wp-block-heading\">Dampfbootfahrten<\/h4>\r\n\r\n\r\n\r\n<p>Die Salon-Dampfjacht &#8218;Felicitas&#8216; ist ein nach alten Pl\u00e4nen gebautes Schiff. Es handelt sich um den Original-Nachbau einer, um 1890 gebauten englischen &#8218;Steam-Lounch&#8216;, mit 10.75 Metern L\u00e4nge und 2.52 Metern Breite. Die maximale Personenzahl incl. Besatzung an Bord liegt bei 12. F\u00fcr Rundfahrten und Charterfahrten siehe unsere <a href=\"https:\/\/haus-seemann.de\/dampfboot\/\">Dampfboot-Webseite<\/a>.<\/p>\r\n<\/div>\r\n<\/div>\r\n\r\n\r\n<hr class=\"wp-block-separator has-css-opacity\" \/>\r\n\r\n\r\n<h1 class=\"wp-block-heading\">Kurz und im \u00dcberblick<\/h1>\r\n\r\n\r\n\r\n<figure class=\"wp-block-table is-style-stripes\">\r\n<table>\r\n<tbody>\r\n<tr>\r\n<td>\u00a0<\/td>\r\n<td><strong>Nichtraucherhaus<\/strong><\/td>\r\n<td>Rauchen ist in keinem unserer Zimmer gestattet. Wir bitten um Ihr Verst\u00e4ndnis.<\/td>\r\n<\/tr>\r\n<tr>\r\n<td>\u00a0<\/td>\r\n<td><strong>Hunde\/ Haustiere<\/strong><\/td>\r\n<td>Hunde sind nach Absprache und gegen Aufpreis (siehe Preisliste) willkommen. Manche Rassen k\u00f6nnen wir leider mit R\u00fccksicht auf die anderen G\u00e4ste nicht beherbergen.<\/td>\r\n<\/tr>\r\n<tr>\r\n<td>\u00a0<\/td>\r\n<td><strong>WLan <\/strong><\/td>\r\n<td>Internet ist im gr\u00f6\u00dften Teil des Hauses verf\u00fcgbar. F\u00fcr alle Zimmer k\u00f6nnen wir eine WLan-Abdeckung aber nicht garantieren.<\/td>\r\n<\/tr>\r\n<tr>\r\n<td>\u00a0<\/td>\r\n<td><strong>Seezugang<\/strong><\/td>\r\n<td>Privater Steinstrand mit Liegewiese direkt am Haus.<\/td>\r\n<\/tr>\r\n<tr>\r\n<td>\u00a0<\/td>\r\n<td><strong>eBikes<\/strong><\/td>\r\n<td>Movelo eBikes auf Anfrage mietbar.<\/td>\r\n<\/tr>\r\n<tr>\r\n<td>\u00a0<\/td>\r\n<td><strong>Parkpl\u00e4tze<\/strong><\/td>\r\n<td>Parkpl\u00e4tze sind direkt am Haus verf\u00fcgbar. Sollten Sie mit mehr als einem Wagen anreisen oder die Tiefgarage nutzen wollen, bitten wir um Voranmeldung.<\/td>\r\n<\/tr>\r\n<\/tbody>\r\n<\/table>\r\n<\/figure>\r\n","protected":false},"excerpt":{"rendered":"<p>&nbsp; Zentrale Lage nahe der Wasserburger Halbinsel Unser Haus liegt nur f\u00fcnf Minuten Fu\u00dfweg von der Wasserburger Halbinsel und der Seekirche St. Georg. Auch das\u00a0Freibad Aquamarine\u00a0an der Sumserhalle ist in nur zehn Minuten zu Fu\u00df erreichbar. Etwa ebenso lange brauchen Sie auch zur Ortsmitte (hier befindet sich die\u00a0Tourist-Information) und dem n\u00e4chsten Supermarkt am Bahnhof &nbsp; [&hellip;]<\/p>\n","protected":false},"author":1,"featured_media":0,"parent":0,"menu_order":0,"comment_status":"closed","ping_status":"closed","template":"","meta":{"footnotes":""},"class_list":["post-14","page","type-page","status-publish","hentry"],"_links":{"self":[{"href":"https:\/\/haus-seemann.de\/haus\/wp-json\/wp\/v2\/pages\/14","targetHints":{"allow":["GET"]}}],"collection":[{"href":"https:\/\/haus-seemann.de\/haus\/wp-json\/wp\/v2\/pages"}],"about":[{"href":"https:\/\/haus-seemann.de\/haus\/wp-json\/wp\/v2\/types\/page"}],"author":[{"embeddable":true,"href":"https:\/\/haus-seemann.de\/haus\/wp-json\/wp\/v2\/users\/1"}],"replies":[{"embeddable":true,"href":"https:\/\/haus-seemann.de\/haus\/wp-json\/wp\/v2\/comments?post=14"}],"version-history":[{"count":6,"href":"https:\/\/haus-seemann.de\/haus\/wp-json\/wp\/v2\/pages\/14\/revisions"}],"predecessor-version":[{"id":129,"href":"https:\/\/haus-seemann.de\/haus\/wp-json\/wp\/v2\/pages\/14\/revisions\/129"}],"wp:attachment":[{"href":"https:\/\/haus-seemann.de\/haus\/wp-json\/wp\/v2\/media?parent=14"}],"curies":[{"name":"wp","href":"https:\/\/api.w.org\/{rel}","templated":true}]}}